{"id":40,"date":"2018-12-15T02:04:41","date_gmt":"2018-12-15T02:04:41","guid":{"rendered":"http:\/\/comunidadepadrepiosm.com.br\/site\/?page_id=40"},"modified":"2019-07-05T21:46:37","modified_gmt":"2019-07-05T21:46:37","slug":"home","status":"publish","type":"page","link":"https:\/\/comunidadepadrepiosm.com.br\/site\/","title":{"rendered":"Home"},"content":{"rendered":"<p>[et_pb_section bb_built=&#8221;1&#8243; fullwidth=&#8221;on&#8221; _builder_version=&#8221;3.0.92&#8243; background_image=&#8221;http:\/\/comunidadepadrepiosm.com.br\/site\/wp-content\/uploads\/2019\/01\/site_padrepio_bg_topo_branco.jpg&#8221; background_size=&#8221;initial&#8221; background_position=&#8221;bottom_center&#8221; background_repeat=&#8221;repeat-x&#8221; custom_padding=&#8221;12px|0px|22px|0px&#8221;][et_pb_fullwidth_slider show_inner_shadow=&#8221;off&#8221; _builder_version=&#8221;3.0.92&#8243; header_font=&#8221;|800|||||||&#8221; header_font_size=&#8221;44px&#8221; header_text_color=&#8221;#663333&#8243; body_font_size=&#8221;35px&#8221; body_text_color=&#8221;#663333&#8243; background_color=&#8221;rgba(0,0,0,0)&#8221; text_orientation=&#8221;left&#8221; custom_margin=&#8221;0px|||&#8221; custom_padding=&#8221;120px||120px|&#8221; custom_button=&#8221;on&#8221; button_bg_color=&#8221;#663333&#8243; button_border_width=&#8221;0px&#8221; auto=&#8221;on&#8221; auto_ignore_hover=&#8221;on&#8221; text_shadow_style=&#8221;preset1&#8243; text_shadow_blur_strength=&#8221;0em&#8221; text_shadow_color=&#8221;#000000&#8243; show_image_video_mobile=&#8221;on&#8221; header_font_size_last_edited=&#8221;on|desktop&#8221; header_font_size_phone=&#8221;40px&#8221; custom_padding_last_edited=&#8221;on|desktop&#8221; custom_padding_phone=&#8221;0px||0px|&#8221; custom_margin_last_edited=&#8221;on|desktop&#8221; custom_margin_phone=&#8221;|||&#8221;][et_pb_slide heading=&#8221;Bem-vindo a Comunidade Padre Pio Filhos da Miseric\u00f3rdia&#8221; button_text=&#8221;Leia mais&#8230;&#8221; button_link=&#8221;http:\/\/comunidadepadrepiosm.com.br\/site\/sobre-nos\/&#8221; use_bg_overlay=&#8221;off&#8221; use_text_overlay=&#8221;off&#8221; _builder_version=&#8221;3.0.92&#8243; header_text_align=&#8221;center&#8221; header_font_size=&#8221;67px&#8221; header_font_size_tablet=&#8221;67px&#8221; header_font_size_phone=&#8221;67px&#8221; body_text_align=&#8221;center&#8221; body_font_size=&#8221;17px&#8221; body_font_size_tablet=&#8221;17px&#8221; body_font_size_phone=&#8221;17px&#8221; custom_button=&#8221;off&#8221; button_alignment=&#8221;center&#8221; background_color=&#8221;#ffffff&#8221;]<\/p>\n<p>A\u00a0<strong>Comunidade Padre Pio Filhos da Miseric\u00f3rdia<\/strong>, fundada em 25\/05\/2014, \u00e9 uma comunidade mista de leigos, homens, mulheres, solteiros e casados. Pertencemos \u00e0 Santa Igreja Cat\u00f3lica Apost\u00f3lica Romana e vivemos em Espirito de pobreza e obedi\u00eancia.<\/p>\n<p>Queremos com nossa vida levar as pessoas a fazer um encontro (ou reencontro) com Deus Pai.<\/p>\n<p>[\/et_pb_slide][et_pb_slide heading=&#8221;Nova Sede&#8221; button_text=&#8221;Leia mais&#8230;&#8221; button_link=&#8221;http:\/\/comunidadepadrepiosm.com.br\/site\/sobre-nos\/&#8221; image=&#8221;http:\/\/comunidadepadrepiosm.com.br\/site\/wp-content\/uploads\/2019\/02\/sede_padrepio3.jpg&#8221; _builder_version=&#8221;3.0.92&#8243; header_font=&#8221;|800|||||||&#8221; header_text_align=&#8221;center&#8221; header_text_color=&#8221;#663333&#8243; body_font=&#8221;||||||||&#8221; body_text_align=&#8221;center&#8221; body_font_size=&#8221;22px&#8221; button_alignment=&#8221;center&#8221; background_color=&#8221;#ffffff&#8221;]<\/p>\n<p>A Comunidade Padre Pio Filhos da Miseric\u00f3rdia est\u00e1 em novo endere\u00e7o:<\/p>\n<p>Av. Irm\u00e3s Cintra, 453 \u00a0\u2013 Centro<br \/>\nS\u00e3o Manuel \u2013 SP\u00a0\u00a0 CEP 18.650-000<\/p>\n<p>[\/et_pb_slide][\/et_pb_fullwidth_slider][\/et_pb_section][et_pb_section bb_built=&#8221;1&#8243; _builder_version=&#8221;3.0.92&#8243; custom_padding=&#8221;3px|0px|54px|0px&#8221;][et_pb_row custom_padding=&#8221;27px|0px|27px|0px&#8221; background_color=&#8221;#663333&#8243; _builder_version=&#8221;3.0.92&#8243; background_size=&#8221;initial&#8221; background_position=&#8221;top_left&#8221; background_repeat=&#8221;repeat&#8221; border_color_all=&#8221;#330000&#8243; box_shadow_style=&#8221;preset3&#8243; box_shadow_horizontal=&#8221;1px&#8221; box_shadow_vertical=&#8221;13px&#8221; box_shadow_blur=&#8221;28px&#8221; box_shadow_spread=&#8221;-7px&#8221; box_shadow_color=&#8221;rgba(0,0,0,0.45)&#8221;][et_pb_column type=&#8221;2_3&#8243;][et_pb_text background_layout=&#8221;dark&#8221; _builder_version=&#8221;3.0.92&#8243; text_font=&#8221;||||||||&#8221; custom_margin=&#8221;15px|||&#8221;]<\/p>\n<p style=\"text-align: center;\">Colabore com nossas a\u00e7\u00f5es! Sa\u00edba como realizar uma doa\u00e7\u00e3o clicando no bot\u00e3o ao lado&#8230;<\/p>\n<p>[\/et_pb_text][\/et_pb_column][et_pb_column type=&#8221;1_3&#8243;][et_pb_button button_url=&#8221;https:\/\/pag.ae\/7UwVfhrYJ&#8221; url_new_window=&#8221;on&#8221; button_text=&#8221;FAZER UMA DOA\u00c7\u00c3O&#8221; button_alignment=&#8221;center&#8221; background_layout=&#8221;dark&#8221; _builder_version=&#8221;3.0.92&#8243;]<\/p>\n<p>&nbsp;<\/p>\n<p>[\/et_pb_button][\/et_pb_column][\/et_pb_row][\/et_pb_section][et_pb_section bb_built=&#8221;1&#8243; _builder_version=&#8221;3.0.92&#8243; custom_padding=&#8221;4px|0px|4px|0px&#8221;][et_pb_row _builder_version=&#8221;3.0.92&#8243;][et_pb_column type=&#8221;4_4&#8243;][et_pb_image src=&#8221;http:\/\/comunidadepadrepiosm.com.br\/site\/wp-content\/uploads\/2019\/01\/site_padrepio_titulo_postagens.png&#8221; align=&#8221;center&#8221; _builder_version=&#8221;3.0.92&#8243; max_width=&#8221;460px&#8221; module_alignment=&#8221;center&#8221;]<\/p>\n<p>&nbsp;<\/p>\n<p>[\/et_pb_image][\/et_pb_column][\/et_pb_row][\/et_pb_section][et_pb_section bb_built=&#8221;1&#8243; _builder_version=&#8221;3.0.92&#8243; custom_padding=&#8221;7px|0px|21px|0px&#8221;][et_pb_row custom_padding=&#8221;27px|0px|4px|0px&#8221; _builder_version=&#8221;3.0.92&#8243;][et_pb_column type=&#8221;3_4&#8243;][et_pb_blog fullwidth=&#8221;off&#8221; show_more=&#8221;on&#8221; show_comments=&#8221;on&#8221; use_overlay=&#8221;on&#8221; hover_icon=&#8221;%%28%%&#8221; _builder_version=&#8221;3.0.92&#8243; pagination_font_size_tablet=&#8221;51&#8243; pagination_line_height_tablet=&#8221;2&#8243; border_color_all=&#8221;#663333&#8243; module_alignment=&#8221;center&#8221; show_thumbnail=&#8221;on&#8221; show_author=&#8221;on&#8221; show_date=&#8221;on&#8221; show_categories=&#8221;on&#8221; show_pagination=&#8221;on&#8221; include_categories=&#8221;1,9&#8243; show_content=&#8221;off&#8221; use_dropshadow=&#8221;off&#8221; background_layout=&#8221;light&#8221;]<\/p>\n<p>&nbsp;<\/p>\n<p>[\/et_pb_blog][\/et_pb_column][et_pb_column type=&#8221;1_4&#8243;][et_pb_sidebar area=&#8221;sidebar-1&#8243; show_border=&#8221;off&#8221; _builder_version=&#8221;3.0.92&#8243;]<\/p>\n<p>&nbsp;<\/p>\n<p>[\/et_pb_sidebar][\/et_pb_column][\/et_pb_row][et_pb_row _builder_version=&#8221;3.0.92&#8243;][et_pb_column type=&#8221;4_4&#8243;][et_pb_button button_url=&#8221;http:\/\/comunidadepadrepiosm.com.br\/site\/category\/artigosenoticias\/&#8221; button_text=&#8221;Ver mais postagens&#8230;&#8221; button_alignment=&#8221;center&#8221; background_layout=&#8221;dark&#8221; _builder_version=&#8221;3.0.92&#8243; custom_button=&#8221;on&#8221; button_bg_color=&#8221;#663333&#8243;]<\/p>\n<p>&nbsp;<\/p>\n<p>[\/et_pb_button][\/et_pb_column][\/et_pb_row][\/et_pb_section][et_pb_section bb_built=&#8221;1&#8243; _builder_version=&#8221;3.0.92&#8243; background_image=&#8221;http:\/\/comunidadepadrepiosm.com.br\/site\/wp-content\/uploads\/2019\/01\/site_padrepio_bg_historia_padre.jpg&#8221;][et_pb_row _builder_version=&#8221;3.0.92&#8243;][et_pb_column type=&#8221;1_3&#8243;][\/et_pb_column][et_pb_column type=&#8221;2_3&#8243;][et_pb_image src=&#8221;http:\/\/comunidadepadrepiosm.com.br\/site\/wp-content\/uploads\/2019\/01\/site_padrepio_historia_titulo_padre.png&#8221; _builder_version=&#8221;3.0.92&#8243; max_width=&#8221;348px&#8221; module_alignment=&#8221;left&#8221;]<\/p>\n<p>&nbsp;<\/p>\n<p>[\/et_pb_image][et_pb_text _builder_version=&#8221;3.0.92&#8243;]<\/p>\n<div class=\"historia__top mb-50 clearfix\">\n<div class=\"historia__top-item--links historia__top-item fl\">\n<aside class=\"historia-veja-tambem pb-30\"><b>Padre Pio de Pietrelcina<\/b>\u00a0tinha como nome de batizado Francesco Forgione. Ele nasceu no vilarejo de Pietrelcina, pr\u00f3ximo \u00e0 cidade de Benevento, It\u00e1lia, em 25 de maio de 1887. Era filho de Grazio Forgione e Maria Giuseppa de Nunzio e tinha seis irm\u00e3os.Desde crian\u00e7a manifestou interesse pelas coisas de Deus. N\u00e3o faltava \u00e0s Missas e ora\u00e7\u00f5es. Ainda menino mostrava grande admira\u00e7\u00e3o por Nossa Senhora e Jesus, tornando-se tamb\u00e9m amigo do seu Anjo da Guarda. Francesco recorria a ele muitas vezes pedindo ajuda no seu caminho de viver o\u00a0<b>Evangelho<\/b>. N\u00e3o \u00e9 \u00e0 toa que, mais tarde, Padre Pio exortava os fi\u00e9is a pedirem ajuda ao anjo da guarda. Ele sabia que o que os anjos mais querem \u00e9 conduzir seus \u201cguardados\u201d para Deus. Por isso, dizia, a intimidade de cada um com seu anjo da guarda \u00e9 de grande import\u00e2ncia.<\/aside>\n<\/div>\n<\/div>\n<p>[\/et_pb_text][et_pb_button button_url=&#8221;http:\/\/comunidadepadrepiosm.com.br\/site\/a-historia-de-padre-pio\/&#8221; button_text=&#8221;Continuie lendo&#8230;&#8221; background_layout=&#8221;dark&#8221; _builder_version=&#8221;3.0.92&#8243; custom_button=&#8221;on&#8221; button_bg_color=&#8221;#663333&#8243;]<\/p>\n<p>&nbsp;<\/p>\n<p>[\/et_pb_button][\/et_pb_column][\/et_pb_row][\/et_pb_section][et_pb_section bb_built=&#8221;1&#8243; _builder_version=&#8221;3.0.92&#8243; custom_padding=&#8221;54px|0px|6px|0px&#8221;][et_pb_row _builder_version=&#8221;3.0.92&#8243;][et_pb_column type=&#8221;1_3&#8243;][et_pb_image src=&#8221;http:\/\/comunidadepadrepiosm.com.br\/site\/wp-content\/uploads\/2019\/01\/site_padrepio_simbolo.png&#8221; align=&#8221;center&#8221; _builder_version=&#8221;3.0.92&#8243;]<\/p>\n<p>&nbsp;<\/p>\n<p>[\/et_pb_image][\/et_pb_column][et_pb_column type=&#8221;2_3&#8243;][et_pb_image src=&#8221;http:\/\/comunidadepadrepiosm.com.br\/site\/wp-content\/uploads\/2019\/01\/site_padrepio_titulo_postagens-1.png&#8221; _builder_version=&#8221;3.0.92&#8243; max_width=&#8221;380px&#8221;]<\/p>\n<p>&nbsp;<\/p>\n<p>[\/et_pb_image][et_pb_text _builder_version=&#8221;3.0.92&#8243;]<\/p>\n<p>A\u00a0<strong>Comunidade Padre Pio Filhos da Miseric\u00f3rdia<\/strong>, fundada em 25\/05\/2014, \u00e9 uma comunidade mista de leigos, homens, mulheres, solteiros e casados. Pertencemos \u00e0 Santa Igreja Cat\u00f3lica Apost\u00f3lica Romana e vivemos em Espirito de pobreza e obedi\u00eancia.<\/p>\n<p>Queremos com nossa vida levar as pessoas a fazer um encontro (ou reencontro) com Deus Pai.<\/p>\n<p>[\/et_pb_text][et_pb_button button_url=&#8221;http:\/\/comunidadepadrepiosm.com.br\/site\/sobre-nos\/&#8221; button_text=&#8221;Ler mais&#8230;&#8221; background_layout=&#8221;dark&#8221; _builder_version=&#8221;3.0.92&#8243; custom_button=&#8221;on&#8221; button_bg_color=&#8221;#663333&#8243; button_font=&#8221;||||||||&#8221;]<\/p>\n<p>&nbsp;<\/p>\n<p>[\/et_pb_button][\/et_pb_column][\/et_pb_row][et_pb_row custom_padding=&#8221;27px|0px|4px|0px&#8221; _builder_version=&#8221;3.0.92&#8243;][et_pb_column type=&#8221;4_4&#8243;][et_pb_divider color=&#8221;#663333&#8243; show_divider=&#8221;on&#8221; _builder_version=&#8221;3.0.92&#8243;]<\/p>\n<p>&nbsp;<\/p>\n<p>[\/et_pb_divider][\/et_pb_column][\/et_pb_row][\/et_pb_section][et_pb_section bb_built=&#8221;1&#8243; _builder_version=&#8221;3.0.92&#8243; custom_padding=&#8221;36px|0px|54px|0px&#8221; global_module=&#8221;188&#8243;][et_pb_row global_parent=&#8221;188&#8243; custom_padding=&#8221;12px|0px|27px|0px&#8221; _builder_version=&#8221;3.0.92&#8243;][et_pb_column type=&#8221;4_4&#8243;][et_pb_image global_parent=&#8221;188&#8243; src=&#8221;http:\/\/comunidadepadrepiosm.com.br\/site\/wp-content\/uploads\/2019\/01\/site_padrepio_titulo_apoio.png&#8221; align=&#8221;center&#8221; _builder_version=&#8221;3.0.92&#8243; max_width=&#8221;261px&#8221; module_alignment=&#8221;center&#8221;]<\/p>\n<p>&nbsp;<\/p>\n<p>[\/et_pb_image][\/et_pb_column][\/et_pb_row][et_pb_row global_parent=&#8221;188&#8243; _builder_version=&#8221;3.0.92&#8243;][et_pb_column type=&#8221;1_4&#8243;][et_pb_image global_parent=&#8221;188&#8243; src=&#8221;http:\/\/comunidadepadrepiosm.com.br\/site\/wp-content\/uploads\/2019\/02\/condegas.jpg&#8221; _builder_version=&#8221;3.0.92&#8243; max_width=&#8221;86%&#8221; module_alignment=&#8221;center&#8221; custom_margin=&#8221;10px|||&#8221;]<\/p>\n<p>&nbsp;<\/p>\n<p>[\/et_pb_image][\/et_pb_column][et_pb_column type=&#8221;1_4&#8243;][et_pb_image global_parent=&#8221;188&#8243; src=&#8221;http:\/\/comunidadepadrepiosm.com.br\/site\/wp-content\/uploads\/2019\/02\/ecoposto.jpg&#8221; _builder_version=&#8221;3.0.92&#8243; module_alignment=&#8221;center&#8221;]<\/p>\n<p>&nbsp;<\/p>\n<p>[\/et_pb_image][\/et_pb_column][et_pb_column type=&#8221;1_4&#8243;][et_pb_image global_parent=&#8221;188&#8243; src=&#8221;http:\/\/comunidadepadrepiosm.com.br\/site\/wp-content\/uploads\/2019\/02\/gt.jpg&#8221; _builder_version=&#8221;3.0.92&#8243; module_alignment=&#8221;center&#8221;]<\/p>\n<p>&nbsp;<\/p>\n<p>[\/et_pb_image][\/et_pb_column][et_pb_column type=&#8221;1_4&#8243;][et_pb_image global_parent=&#8221;188&#8243; src=&#8221;http:\/\/comunidadepadrepiosm.com.br\/site\/wp-content\/uploads\/2019\/02\/vidracaria.jpg&#8221; _builder_version=&#8221;3.0.92&#8243; module_alignment=&#8221;center&#8221;]<\/p>\n<p>&nbsp;<\/p>\n<p>[\/et_pb_image][\/et_pb_column][\/et_pb_row][\/et_pb_section]<\/p>\n","protected":false},"excerpt":{"rendered":"<p>[et_pb_section bb_built=&#8221;1&#8243; fullwidth=&#8221;on&#8221; _builder_version=&#8221;3.0.92&#8243; background_image=&#8221;http:\/\/comunidadepadrepiosm.com.br\/site\/wp-content\/uploads\/2019\/01\/site_padrepio_bg_topo_branco.jpg&#8221; background_size=&#8221;initial&#8221; background_position=&#8221;bottom_center&#8221; background_repeat=&#8221;repeat-x&#8221; custom_padding=&#8221;12px|0px|22px|0px&#8221;][et_pb_fullwidth_slider show_inner_shadow=&#8221;off&#8221; _builder_version=&#8221;3.0.92&#8243; header_font=&#8221;|800|||||||&#8221; header_font_size=&#8221;44px&#8221; header_text_color=&#8221;#663333&#8243; body_font_size=&#8221;35px&#8221; body_text_color=&#8221;#663333&#8243; background_color=&#8221;rgba(0,0,0,0)&#8221; text_orientation=&#8221;left&#8221; custom_margin=&#8221;0px|||&#8221; custom_padding=&#8221;120px||120px|&#8221; custom_button=&#8221;on&#8221; button_bg_color=&#8221;#663333&#8243; button_border_width=&#8221;0px&#8221; auto=&#8221;on&#8221; auto_ignore_hover=&#8221;on&#8221; text_shadow_style=&#8221;preset1&#8243; text_shadow_blur_strength=&#8221;0em&#8221; text_shadow_color=&#8221;#000000&#8243; show_image_video_mobile=&#8221;on&#8221; header_font_size_last_edited=&#8221;on|desktop&#8221; header_font_size_phone=&#8221;40px&#8221; custom_padding_last_edited=&#8221;on|desktop&#8221; custom_padding_phone=&#8221;0px||0px|&#8221; custom_margin_last_edited=&#8221;on|desktop&#8221; custom_margin_phone=&#8221;|||&#8221;][et_pb_slide heading=&#8221;Bem-vindo a Comunidade Padre Pio Filhos da Miseric\u00f3rdia&#8221; button_text=&#8221;Leia mais&#8230;&#8221; button_link=&#8221;http:\/\/comunidadepadrepiosm.com.br\/site\/sobre-nos\/&#8221; use_bg_overlay=&#8221;off&#8221; use_text_overlay=&#8221;off&#8221; _builder_version=&#8221;3.0.92&#8243; header_text_align=&#8221;center&#8221; header_font_size=&#8221;67px&#8221; header_font_size_tablet=&#8221;67px&#8221; header_font_size_phone=&#8221;67px&#8221; body_text_align=&#8221;center&#8221; body_font_size=&#8221;17px&#8221; [&hellip;]<\/p>\n","protected":false},"author":1,"featured_media":0,"parent":0,"menu_order":0,"comment_status":"closed","ping_status":"closed","template":"","meta":{"footnotes":""},"class_list":["post-40","page","type-page","status-publish","hentry"],"_links":{"self":[{"href":"https:\/\/comunidadepadrepiosm.com.br\/site\/wp-json\/wp\/v2\/pages\/40","targetHints":{"allow":["GET"]}}],"collection":[{"href":"https:\/\/comunidadepadrepiosm.com.br\/site\/wp-json\/wp\/v2\/pages"}],"about":[{"href":"https:\/\/comunidadepadrepiosm.com.br\/site\/wp-json\/wp\/v2\/types\/page"}],"author":[{"embeddable":true,"href":"https:\/\/comunidadepadrepiosm.com.br\/site\/wp-json\/wp\/v2\/users\/1"}],"replies":[{"embeddable":true,"href":"https:\/\/comunidadepadrepiosm.com.br\/site\/wp-json\/wp\/v2\/comments?post=40"}],"version-history":[{"count":36,"href":"https:\/\/comunidadepadrepiosm.com.br\/site\/wp-json\/wp\/v2\/pages\/40\/revisions"}],"predecessor-version":[{"id":300,"href":"https:\/\/comunidadepadrepiosm.com.br\/site\/wp-json\/wp\/v2\/pages\/40\/revisions\/300"}],"wp:attachment":[{"href":"https:\/\/comunidadepadrepiosm.com.br\/site\/wp-json\/wp\/v2\/media?parent=40"}],"curies":[{"name":"wp","href":"https:\/\/api.w.org\/{rel}","templated":true}]}}