{"id":198,"date":"2019-01-18T02:10:51","date_gmt":"2019-01-18T02:10:51","guid":{"rendered":"http:\/\/comunidadepadrepiosm.com.br\/site\/sobre-nos-copy\/"},"modified":"2020-03-13T12:42:52","modified_gmt":"2020-03-13T12:42:52","slug":"contato","status":"publish","type":"page","link":"https:\/\/comunidadepadrepiosm.com.br\/site\/contato\/","title":{"rendered":"Contato"},"content":{"rendered":"<p>[et_pb_section bb_built=&#8221;1&#8243; _builder_version=&#8221;3.0.92&#8243; background_image=&#8221;http:\/\/comunidadepadrepiosm.com.br\/site\/wp-content\/uploads\/2019\/01\/site_padrepio_bg_topo_branco.jpg&#8221; background_size=&#8221;contain&#8221; background_position=&#8221;top_center&#8221; custom_padding=&#8221;54px|0px|6px|0px&#8221;][et_pb_row custom_padding=&#8221;27px|0px|73px|0px&#8221; _builder_version=&#8221;3.0.92&#8243;][et_pb_column type=&#8221;4_4&#8243;][et_pb_image src=&#8221;http:\/\/comunidadepadrepiosm.com.br\/site\/wp-content\/uploads\/2019\/01\/site_padrepio_titulo_contato.png&#8221; _builder_version=&#8221;3.0.92&#8243; max_width=&#8221;380px&#8221;]<br \/>\n[\/et_pb_image][et_pb_text _builder_version=&#8221;3.0.92&#8243; background_layout=&#8221;light&#8221;]<\/p>\n<p style=\"text-align: left;\"><strong>ATENDIMENTO:<\/strong><br \/>\n(14) 3842-3554<\/p>\n<p style=\"text-align: left;\"><strong>E-MAIL:<\/strong><br \/>\ncontato@comunidadepadrepiosm.com.br<\/p>\n<p style=\"text-align: left;\"><strong>ENDERE\u00c7O:<\/strong><\/p>\n<p>Av. Irm\u00e3s Cintra, 453 \u2013 Centro<br \/>\nCentro \u2013 S\u00e3o Manuel \u2013 SP<br \/>\nCEP: 18650-000<\/p>\n<p>[\/et_pb_text][et_pb_contact_form email=&#8221;contato@comunidadepadrepiosm.com.br&#8221; form_background_color=&#8221;rgba(102,51,51,0.16)&#8221; module_id=&#8221;et_pb_contact_form_0&#8243; _builder_version=&#8221;3.0.92&#8243; form_field_font=&#8221;|700|||||||&#8221; form_field_text_color=&#8221;#663333&#8243; border_width_all=&#8221;2px&#8221; border_color_all=&#8221;#663333&#8243; custom_button=&#8221;on&#8221; button_text_color=&#8221;#ffffff&#8221; button_bg_color=&#8221;#663333&#8243;][et_pb_contact_field field_id=&#8221;Name&#8221; field_title=&#8221;Nome&#8221; _builder_version=&#8221;3.0.47&#8243; border_radii=&#8221;on||||&#8221;][\/et_pb_contact_field][et_pb_contact_field field_id=&#8221;Email&#8221; field_title=&#8221;E-mail&#8221; field_type=&#8221;email&#8221; _builder_version=&#8221;3.0.47&#8243; border_radii=&#8221;on||||&#8221;][\/et_pb_contact_field][et_pb_contact_field field_id=&#8221;Telefone&#8221; field_title=&#8221;Telefone&#8221; _builder_version=&#8221;3.0.92&#8243;][\/et_pb_contact_field][et_pb_contact_field field_id=&#8221;Cidade&#8221; field_title=&#8221;Cidade&#8221; _builder_version=&#8221;3.0.92&#8243;][\/et_pb_contact_field][et_pb_contact_field field_id=&#8221;Message&#8221; field_title=&#8221;Mensagem&#8221; field_type=&#8221;text&#8221; fullwidth_field=&#8221;on&#8221; _builder_version=&#8221;3.0.47&#8243; border_radii=&#8221;on||||&#8221;][\/et_pb_contact_field][\/et_pb_contact_form][\/et_pb_column][\/et_pb_row][\/et_pb_section][et_pb_section bb_built=&#8221;1&#8243; _builder_version=&#8221;3.0.92&#8243; custom_padding=&#8221;3px|0px|54px|0px&#8221;][et_pb_row custom_padding=&#8221;27px|0px|27px|0px&#8221; background_color=&#8221;#663333&#8243; _builder_version=&#8221;3.0.92&#8243; background_size=&#8221;initial&#8221; background_position=&#8221;top_left&#8221; background_repeat=&#8221;repeat&#8221; border_color_all=&#8221;#330000&#8243; box_shadow_style=&#8221;preset3&#8243; box_shadow_horizontal=&#8221;1px&#8221; box_shadow_vertical=&#8221;13px&#8221; box_shadow_blur=&#8221;28px&#8221; box_shadow_spread=&#8221;-7px&#8221; box_shadow_color=&#8221;rgba(0,0,0,0.45)&#8221;][et_pb_column type=&#8221;2_3&#8243;][et_pb_text background_layout=&#8221;dark&#8221; _builder_version=&#8221;3.0.92&#8243; text_font=&#8221;||||||||&#8221; custom_margin=&#8221;15px|||&#8221;]<\/p>\n<p style=\"text-align: center;\">Colabore com nossas a\u00e7\u00f5es! Sa\u00edba como realizar uma doa\u00e7\u00e3o clicando no bot\u00e3o ao lado&#8230;<\/p>\n<p>[\/et_pb_text][\/et_pb_column][et_pb_column type=&#8221;1_3&#8243;][et_pb_button button_text=&#8221;FAZER UMA DOA\u00c7\u00c3O&#8221; button_alignment=&#8221;center&#8221; background_layout=&#8221;dark&#8221; _builder_version=&#8221;3.0.92&#8243; url_new_window=&#8221;on&#8221; button_url=&#8221;https:\/\/pag.ae\/7UwVfhrYJ&#8221;]<br \/>\n[\/et_pb_button][\/et_pb_column][\/et_pb_row][\/et_pb_section][et_pb_section bb_built=&#8221;1&#8243; _builder_version=&#8221;3.0.92&#8243; custom_padding=&#8221;36px|0px|54px|0px&#8221; global_module=&#8221;188&#8243;][et_pb_row global_parent=&#8221;188&#8243; custom_padding=&#8221;12px|0px|27px|0px&#8221; _builder_version=&#8221;3.0.92&#8243;][et_pb_column type=&#8221;4_4&#8243;][et_pb_image global_parent=&#8221;188&#8243; src=&#8221;http:\/\/comunidadepadrepiosm.com.br\/site\/wp-content\/uploads\/2019\/01\/site_padrepio_titulo_apoio.png&#8221; align=&#8221;center&#8221; _builder_version=&#8221;3.0.92&#8243; max_width=&#8221;261px&#8221; module_alignment=&#8221;center&#8221;]<\/p>\n<p>&nbsp;<\/p>\n<p>[\/et_pb_image][\/et_pb_column][\/et_pb_row][et_pb_row global_parent=&#8221;188&#8243; _builder_version=&#8221;3.0.92&#8243;][et_pb_column type=&#8221;1_4&#8243;][et_pb_image global_parent=&#8221;188&#8243; src=&#8221;http:\/\/comunidadepadrepiosm.com.br\/site\/wp-content\/uploads\/2019\/02\/condegas.jpg&#8221; _builder_version=&#8221;3.0.92&#8243; max_width=&#8221;86%&#8221; module_alignment=&#8221;center&#8221; custom_margin=&#8221;10px|||&#8221;]<\/p>\n<p>&nbsp;<\/p>\n<p>[\/et_pb_image][\/et_pb_column][et_pb_column type=&#8221;1_4&#8243;][et_pb_image global_parent=&#8221;188&#8243; src=&#8221;http:\/\/comunidadepadrepiosm.com.br\/site\/wp-content\/uploads\/2019\/02\/ecoposto.jpg&#8221; _builder_version=&#8221;3.0.92&#8243; module_alignment=&#8221;center&#8221;]<\/p>\n<p>&nbsp;<\/p>\n<p>[\/et_pb_image][\/et_pb_column][et_pb_column type=&#8221;1_4&#8243;][et_pb_image global_parent=&#8221;188&#8243; src=&#8221;http:\/\/comunidadepadrepiosm.com.br\/site\/wp-content\/uploads\/2019\/02\/gt.jpg&#8221; _builder_version=&#8221;3.0.92&#8243; module_alignment=&#8221;center&#8221;]<\/p>\n<p>&nbsp;<\/p>\n<p>[\/et_pb_image][\/et_pb_column][et_pb_column type=&#8221;1_4&#8243;][et_pb_image global_parent=&#8221;188&#8243; src=&#8221;http:\/\/comunidadepadrepiosm.com.br\/site\/wp-content\/uploads\/2019\/02\/vidracaria.jpg&#8221; _builder_version=&#8221;3.0.92&#8243; module_alignment=&#8221;center&#8221;]<\/p>\n<p>&nbsp;<\/p>\n<p>[\/et_pb_image][\/et_pb_column][\/et_pb_row][\/et_pb_section]<\/p>\n","protected":false},"excerpt":{"rendered":"<p>[et_pb_section bb_built=&#8221;1&#8243; _builder_version=&#8221;3.0.92&#8243; background_image=&#8221;http:\/\/comunidadepadrepiosm.com.br\/site\/wp-content\/uploads\/2019\/01\/site_padrepio_bg_topo_branco.jpg&#8221; background_size=&#8221;contain&#8221; background_position=&#8221;top_center&#8221; custom_padding=&#8221;54px|0px|6px|0px&#8221;][et_pb_row custom_padding=&#8221;27px|0px|73px|0px&#8221; _builder_version=&#8221;3.0.92&#8243;][et_pb_column type=&#8221;4_4&#8243;][et_pb_image src=&#8221;http:\/\/comunidadepadrepiosm.com.br\/site\/wp-content\/uploads\/2019\/01\/site_padrepio_titulo_contato.png&#8221; _builder_version=&#8221;3.0.92&#8243; max_width=&#8221;380px&#8221;] [\/et_pb_image][et_pb_text _builder_version=&#8221;3.0.92&#8243; background_layout=&#8221;light&#8221;] ATENDIMENTO: (14) 3842-3554 E-MAIL: contato@comunidadepadrepiosm.com.br ENDERE\u00c7O: Av. Irm\u00e3s Cintra, 453 \u2013 Centro Centro \u2013 S\u00e3o Manuel \u2013 SP CEP: 18650-000 [\/et_pb_text][et_pb_contact_form email=&#8221;contato@comunidadepadrepiosm.com.br&#8221; form_background_color=&#8221;rgba(102,51,51,0.16)&#8221; module_id=&#8221;et_pb_contact_form_0&#8243; _builder_version=&#8221;3.0.92&#8243; form_field_font=&#8221;|700|||||||&#8221; form_field_text_color=&#8221;#663333&#8243; border_width_all=&#8221;2px&#8221; border_color_all=&#8221;#663333&#8243; custom_button=&#8221;on&#8221; button_text_color=&#8221;#ffffff&#8221; button_bg_color=&#8221;#663333&#8243;][et_pb_contact_field field_id=&#8221;Name&#8221; field_title=&#8221;Nome&#8221; _builder_version=&#8221;3.0.47&#8243; border_radii=&#8221;on||||&#8221;][\/et_pb_contact_field][et_pb_contact_field field_id=&#8221;Email&#8221; field_title=&#8221;E-mail&#8221; field_type=&#8221;email&#8221; [&hellip;]<\/p>\n","protected":false},"author":1,"featured_media":0,"parent":0,"menu_order":0,"comment_status":"closed","ping_status":"closed","template":"","meta":{"footnotes":""},"class_list":["post-198","page","type-page","status-publish","hentry"],"_links":{"self":[{"href":"https:\/\/comunidadepadrepiosm.com.br\/site\/wp-json\/wp\/v2\/pages\/198","targetHints":{"allow":["GET"]}}],"collection":[{"href":"https:\/\/comunidadepadrepiosm.com.br\/site\/wp-json\/wp\/v2\/pages"}],"about":[{"href":"https:\/\/comunidadepadrepiosm.com.br\/site\/wp-json\/wp\/v2\/types\/page"}],"author":[{"embeddable":true,"href":"https:\/\/comunidadepadrepiosm.com.br\/site\/wp-json\/wp\/v2\/users\/1"}],"replies":[{"embeddable":true,"href":"https:\/\/comunidadepadrepiosm.com.br\/site\/wp-json\/wp\/v2\/comments?post=198"}],"version-history":[{"count":8,"href":"https:\/\/comunidadepadrepiosm.com.br\/site\/wp-json\/wp\/v2\/pages\/198\/revisions"}],"predecessor-version":[{"id":462,"href":"https:\/\/comunidadepadrepiosm.com.br\/site\/wp-json\/wp\/v2\/pages\/198\/revisions\/462"}],"wp:attachment":[{"href":"https:\/\/comunidadepadrepiosm.com.br\/site\/wp-json\/wp\/v2\/media?parent=198"}],"curies":[{"name":"wp","href":"https:\/\/api.w.org\/{rel}","templated":true}]}}