{"id":192,"date":"2019-01-18T02:05:30","date_gmt":"2019-01-18T02:05:30","guid":{"rendered":"http:\/\/comunidadepadrepiosm.com.br\/site\/?page_id=192"},"modified":"2019-02-22T02:07:48","modified_gmt":"2019-02-22T02:07:48","slug":"sobre-nos","status":"publish","type":"page","link":"https:\/\/comunidadepadrepiosm.com.br\/site\/sobre-nos\/","title":{"rendered":"Sobre N\u00f3s"},"content":{"rendered":"<p>[et_pb_section fb_built=&#8221;1&#8243; _builder_version=&#8221;3.0.92&#8243; background_image=&#8221;http:\/\/comunidadepadrepiosm.com.br\/site\/wp-content\/uploads\/2019\/01\/site_padrepio_bg_topo_branco.jpg&#8221; background_size=&#8221;contain&#8221; background_position=&#8221;top_center&#8221; custom_padding=&#8221;54px|0px|6px|0px&#8221;][et_pb_row _builder_version=&#8221;3.0.92&#8243;][et_pb_column type=&#8221;4_4&#8243; _builder_version=&#8221;3.0.47&#8243; parallax=&#8221;off&#8221; parallax_method=&#8221;on&#8221;][et_pb_image src=&#8221;http:\/\/comunidadepadrepiosm.com.br\/site\/wp-content\/uploads\/2019\/01\/site_padrepio_simbolo.png&#8221; align=&#8221;center&#8221; _builder_version=&#8221;3.0.92&#8243;]<br \/>\n[\/et_pb_image][et_pb_image src=&#8221;http:\/\/comunidadepadrepiosm.com.br\/site\/wp-content\/uploads\/2019\/01\/site_padrepio_titulo_postagens-1.png&#8221; _builder_version=&#8221;3.0.92&#8243; max_width=&#8221;380px&#8221;]<br \/>\n[\/et_pb_image][et_pb_text _builder_version=&#8221;3.0.92&#8243;]<\/p>\n<p>A\u00a0<strong>Comunidade Padre Pio Filhos da Miseric\u00f3rdia<\/strong>, fundada em 25\/05\/2014, \u00e9 uma comunidade mista de leigos, homens, mulheres, solteiros e casados. Pertencemos \u00e0 Santa Igreja Cat\u00f3lica Apost\u00f3lica Romana e vivemos em Espirito de pobreza e obedi\u00eancia.<\/p>\n<p>Queremos com nossa vida levar as pessoas a fazer um encontro (ou reencontro) com Deus Pai.<\/p>\n<p><strong>Palavra Fundante<\/strong><\/p>\n<p>Baseado em Mt 25, 35,36 \u2013 \u201cPorque tive fome e me deste de comer; tive sede e me deste de beber; era peregrino e me acolhestes; nu e me vestistes; enfermo e me visitastes; estava na pris\u00e3o e viestes a mim\u201d. Busquemos encontrar no irm\u00e3o que sofre o pr\u00f3prio Cristo, compadecendo-nos de seus sofrimentos, para resgatar a dignidade de filhos de Deus atrav\u00e9s do anuncio e vivencia do Evangelho.<\/p>\n<p><strong>\u00a0<\/strong><\/p>\n<p><strong>Nosso Carisma:<\/strong><\/p>\n<p>Resgatar no Homem a dignidade de Filhos de Deus.\u00a0<\/p>\n<p>Como leigos, doamos nossas vidas, cora\u00e7\u00f5es e a\u00e7\u00f5es, no acolhimento, escuta e amparo aos nossos irm\u00e3os em situa\u00e7\u00e3o de rua e fam\u00edlias carentes. Atrav\u00e9s dos apostolados da Comunidade buscamos a restaura\u00e7\u00e3o do indiv\u00edduo, para que o mesmo encontre sua dignidade perdida, na maioria das vezes pelo uso excessivo de subst\u00e2ncias psicoativas (\u00e1lcool e drogas).<\/p>\n<p>Nosso carisma \u00e9 o que defini nosso jeito de ser, de rezar, de servir e de amar.<\/p>\n<p>&nbsp;<\/p>\n<p><strong>Nossa Miss\u00e3o<\/strong><\/p>\n<p>Contemplar Jesus no irm\u00e3o que sofre e lev\u00e1-lo a encontrar-se no cora\u00e7\u00e3o misericordioso de Jesus.\u00a0<\/p>\n<p>Para isso temos como apostolado:<\/p>\n<p><strong>Apostolado S\u00e3o Miguel Arcanjo:<\/strong> Visitas nas casas &#8211; Esse apostolado n\u00e3o \u00e9 apenas um encontro de pessoas, mas um encontro de irm\u00e3os em Cristo, onde Intercedemos uns pelos outros, meditamos passagens b\u00edblicas e partilhamos a Palavra e as nossas vidas.<\/p>\n<p><strong><em>Seja o sal da terra e a luz do mundo (Mt 5,13-16)<\/em><\/strong><\/p>\n<p>&nbsp;<\/p>\n<p><strong>Apostolado S\u00e3o Francisco:<\/strong> Sa\u00edmos ao encontro do irm\u00e3o que sofre \u2013 Levamos alimento para o corpo, e com nossa presen\u00e7a e amparo, levamos al\u00edvio para as almas.<\/p>\n<p><strong><em>H\u00e1 maior alegria em dar que receber! (atos 20,35) <\/em><\/strong><\/p>\n<p>&nbsp;<\/p>\n<p><strong>Apostolado Santa Teresa de Calcut\u00e1: <\/strong>Acolhimento e Resgate das almas \u2013 Neste apostolado buscamos atrav\u00e9s da acolhida, do amor e miseric\u00f3rdia, devolver a dignidade \u00e0queles que est\u00e3o desfigurado e humilhados pelo uso excessivo do \u00e1lcool e drogas.<\/p>\n<p><strong><em>Venha viver esta experi\u00eancia de encontrar a face de Cristo naquele que sofre.<\/em><\/strong><\/p>\n<p><strong><em>\u00a0<\/em><\/strong><\/p>\n<p>Voc\u00ea \u00e9 convidado a conhecer e vivenciar a gra\u00e7a de Deus atrav\u00e9s dos apostolados de nossa comunidade, os quais tem nos levado a Deus.<\/p>\n<p>\u00a0<span style=\"font-size: 14px;\">Voc\u00ea ser\u00e1 sempre bem vindo!<\/span><\/p>\n<p>&nbsp;<\/p>\n<p>[\/et_pb_text][\/et_pb_column][\/et_pb_row][\/et_pb_section][et_pb_section fb_built=&#8221;1&#8243; _builder_version=&#8221;3.0.92&#8243; custom_padding=&#8221;3px|0px|54px|0px&#8221;][et_pb_row custom_padding=&#8221;27px|0px|27px|0px&#8221; background_color=&#8221;#663333&#8243; _builder_version=&#8221;3.0.92&#8243; background_size=&#8221;initial&#8221; background_position=&#8221;top_left&#8221; background_repeat=&#8221;repeat&#8221; border_color_all=&#8221;#330000&#8243; box_shadow_style=&#8221;preset3&#8243; box_shadow_horizontal=&#8221;1px&#8221; box_shadow_vertical=&#8221;13px&#8221; box_shadow_blur=&#8221;28px&#8221; box_shadow_spread=&#8221;-7px&#8221; box_shadow_color=&#8221;rgba(0,0,0,0.45)&#8221;][et_pb_column type=&#8221;2_3&#8243; _builder_version=&#8221;3.0.47&#8243; parallax=&#8221;off&#8221; parallax_method=&#8221;on&#8221;][et_pb_text background_layout=&#8221;dark&#8221; _builder_version=&#8221;3.0.92&#8243; text_font=&#8221;||||||||&#8221; custom_margin=&#8221;15px|||&#8221;]<\/p>\n<p style=\"text-align: center;\">Colabore com nossas a\u00e7\u00f5es! Sa\u00edba como realizar uma doa\u00e7\u00e3o clicando no bot\u00e3o ao lado&#8230;<\/p>\n<p>[\/et_pb_text][\/et_pb_column][et_pb_column type=&#8221;1_3&#8243; _builder_version=&#8221;3.0.47&#8243; parallax=&#8221;off&#8221; parallax_method=&#8221;on&#8221;][et_pb_button button_text=&#8221;FAZER UMA DOA\u00c7\u00c3O&#8221; button_alignment=&#8221;center&#8221; background_layout=&#8221;dark&#8221; _builder_version=&#8221;3.0.92&#8243; url_new_window=&#8221;on&#8221; button_url=&#8221;https:\/\/pag.ae\/7UwVfhrYJ&#8221;]<br \/>\n[\/et_pb_button][\/et_pb_column][\/et_pb_row][\/et_pb_section][et_pb_section fb_built=&#8221;1&#8243; _builder_version=&#8221;3.0.92&#8243; custom_padding=&#8221;36px|0px|54px|0px&#8221; global_module=&#8221;188&#8243;][et_pb_row custom_padding=&#8221;12px|0px|27px|0px&#8221; _builder_version=&#8221;3.0.92&#8243;][et_pb_column type=&#8221;4_4&#8243; _builder_version=&#8221;3.0.47&#8243; parallax=&#8221;off&#8221; parallax_method=&#8221;on&#8221;][et_pb_image src=&#8221;http:\/\/comunidadepadrepiosm.com.br\/site\/wp-content\/uploads\/2019\/01\/site_padrepio_titulo_apoio.png&#8221; align=&#8221;center&#8221; _builder_version=&#8221;3.0.92&#8243; max_width=&#8221;261px&#8221; module_alignment=&#8221;center&#8221;]<\/p>\n<p>\u00a0<\/p>\n<p>[\/et_pb_image][\/et_pb_column][\/et_pb_row][et_pb_row _builder_version=&#8221;3.0.92&#8243;][et_pb_column type=&#8221;1_4&#8243; _builder_version=&#8221;3.0.47&#8243; parallax=&#8221;off&#8221; parallax_method=&#8221;on&#8221;][et_pb_image src=&#8221;http:\/\/comunidadepadrepiosm.com.br\/site\/wp-content\/uploads\/2019\/01\/KOIKE.jpg&#8221; _builder_version=&#8221;3.0.92&#8243; max_width=&#8221;99%&#8221; module_alignment=&#8221;center&#8221; custom_margin=&#8221;10px|||&#8221;]<\/p>\n<p>\u00a0<\/p>\n<p>[\/et_pb_image][\/et_pb_column][et_pb_column type=&#8221;1_4&#8243; _builder_version=&#8221;3.0.47&#8243; parallax=&#8221;off&#8221; parallax_method=&#8221;on&#8221;][et_pb_image src=&#8221;http:\/\/comunidadepadrepiosm.com.br\/site\/wp-content\/uploads\/2019\/01\/GRAFILAR.jpg&#8221; _builder_version=&#8221;3.0.92&#8243; max_width=&#8221;98%&#8221; module_alignment=&#8221;center&#8221;]<\/p>\n<p>\u00a0<\/p>\n<p>[\/et_pb_image][\/et_pb_column][et_pb_column type=&#8221;1_4&#8243; _builder_version=&#8221;3.0.47&#8243; parallax=&#8221;off&#8221; parallax_method=&#8221;on&#8221;][et_pb_image src=&#8221;http:\/\/comunidadepadrepiosm.com.br\/site\/wp-content\/uploads\/2019\/01\/USINA2.jpg&#8221; _builder_version=&#8221;3.0.92&#8243; max_width=&#8221;62%&#8221; module_alignment=&#8221;center&#8221;]<\/p>\n<p>\u00a0<\/p>\n<p>[\/et_pb_image][\/et_pb_column][et_pb_column type=&#8221;1_4&#8243; _builder_version=&#8221;3.0.47&#8243; parallax=&#8221;off&#8221; parallax_method=&#8221;on&#8221;][et_pb_image src=&#8221;http:\/\/comunidadepadrepiosm.com.br\/site\/wp-content\/uploads\/2019\/01\/Poltrona1.jpg&#8221; _builder_version=&#8221;3.0.92&#8243; max_width=&#8221;60%&#8221; module_alignment=&#8221;center&#8221;]<\/p>\n<p>\u00a0<\/p>\n<p>[\/et_pb_image][\/et_pb_column][\/et_pb_row][\/et_pb_section]<\/p>\n","protected":false},"excerpt":{"rendered":"<p>[et_pb_section fb_built=&#8221;1&#8243; _builder_version=&#8221;3.0.92&#8243; background_image=&#8221;http:\/\/comunidadepadrepiosm.com.br\/site\/wp-content\/uploads\/2019\/01\/site_padrepio_bg_topo_branco.jpg&#8221; background_size=&#8221;contain&#8221; background_position=&#8221;top_center&#8221; custom_padding=&#8221;54px|0px|6px|0px&#8221;][et_pb_row _builder_version=&#8221;3.0.92&#8243;][et_pb_column type=&#8221;4_4&#8243; _builder_version=&#8221;3.0.47&#8243; parallax=&#8221;off&#8221; parallax_method=&#8221;on&#8221;][et_pb_image src=&#8221;http:\/\/comunidadepadrepiosm.com.br\/site\/wp-content\/uploads\/2019\/01\/site_padrepio_simbolo.png&#8221; align=&#8221;center&#8221; _builder_version=&#8221;3.0.92&#8243;] [\/et_pb_image][et_pb_image src=&#8221;http:\/\/comunidadepadrepiosm.com.br\/site\/wp-content\/uploads\/2019\/01\/site_padrepio_titulo_postagens-1.png&#8221; _builder_version=&#8221;3.0.92&#8243; max_width=&#8221;380px&#8221;] [\/et_pb_image][et_pb_text _builder_version=&#8221;3.0.92&#8243;] A\u00a0Comunidade Padre Pio Filhos da Miseric\u00f3rdia, fundada em 25\/05\/2014, \u00e9 uma comunidade mista de leigos, homens, mulheres, solteiros e casados. Pertencemos \u00e0 Santa Igreja Cat\u00f3lica Apost\u00f3lica Romana e vivemos em Espirito de pobreza e [&hellip;]<\/p>\n","protected":false},"author":1,"featured_media":0,"parent":0,"menu_order":0,"comment_status":"closed","ping_status":"closed","template":"","meta":{"footnotes":""},"class_list":["post-192","page","type-page","status-publish","hentry"],"_links":{"self":[{"href":"https:\/\/comunidadepadrepiosm.com.br\/site\/wp-json\/wp\/v2\/pages\/192","targetHints":{"allow":["GET"]}}],"collection":[{"href":"https:\/\/comunidadepadrepiosm.com.br\/site\/wp-json\/wp\/v2\/pages"}],"about":[{"href":"https:\/\/comunidadepadrepiosm.com.br\/site\/wp-json\/wp\/v2\/types\/page"}],"author":[{"embeddable":true,"href":"https:\/\/comunidadepadrepiosm.com.br\/site\/wp-json\/wp\/v2\/users\/1"}],"replies":[{"embeddable":true,"href":"https:\/\/comunidadepadrepiosm.com.br\/site\/wp-json\/wp\/v2\/comments?post=192"}],"version-history":[{"count":5,"href":"https:\/\/comunidadepadrepiosm.com.br\/site\/wp-json\/wp\/v2\/pages\/192\/revisions"}],"predecessor-version":[{"id":220,"href":"https:\/\/comunidadepadrepiosm.com.br\/site\/wp-json\/wp\/v2\/pages\/192\/revisions\/220"}],"wp:attachment":[{"href":"https:\/\/comunidadepadrepiosm.com.br\/site\/wp-json\/wp\/v2\/media?parent=192"}],"curies":[{"name":"wp","href":"https:\/\/api.w.org\/{rel}","templated":true}]}}